{"id":2082,"date":"2024-06-10T10:29:07","date_gmt":"2024-06-10T10:29:07","guid":{"rendered":"https:\/\/www.fietsmaatjesoegstgeest.nl\/wp2\/?page_id=2082"},"modified":"2024-06-20T10:24:46","modified_gmt":"2024-06-20T10:24:46","slug":"gedragscode","status":"publish","type":"page","link":"https:\/\/www.fietsmaatjesoegstgeest.nl\/wp2\/vrijwilligers\/gedragscode\/","title":{"rendered":"Gedragscode Fietsmaatjes Oegstgeest"},"content":{"rendered":"<p><strong>Goed gedrag<\/strong><br \/>\nFietsmaatjes Oegstgeest staat voor goede omgangsvormen zoals respect hebben voor elkaar, een gelijkwaardige benadering, het garanderen van integriteit, eerlijkheid en veiligheid. We benaderen onze gasten zoals wij zelf ook benaderd zouden willen worden. Dat betekent voor onze gasten dat we ze altijd voorafgaand aan onze acties op de hoogte brengen wat er staat te gebeuren. Deze begrippen en acties vormen hierbij het centrale gedachtegoed en de basis voor deze omgangsregels van Fietsmaatjes Oegstgeest.<\/p>\n<p><strong>Ongewenst gedrag<\/strong><br \/>\nOnder ongewenst gedrag wordt verstaan: geweld, agressie, bedreiging, discriminatie, pesten, seksueel grensoverschrijdend gedrag en machtsmisbruik. Al deze vormen van ongewenst gedrag kunnen een fysieke, psychische of verbale uitingsvorm hebben. Ook ongewenste aandacht, discriminerende, seksistische of andere beledigende of krenkende opmerkingen of grappen \u2013 mondeling of schriftelijk \u2013 worden als ongewenst gedrag beschouwd.<br \/>\nOngewenst gedrag wordt binnen Fietsmaatjes Oegstgeest niet getolereerd. Dit geldt zowel voor vrijwilligers als voor onze gasten. Alle betrokkenen worden geacht elkaar met respect voor eigenwaarde te benaderen en te behandelen.<br \/>\nHet bestuur is gerechtigd om een vrijwilliger wegens ongewenst gedrag te royeren. Zo kan het bestuur ook een gast die zich schuldig maakt aan ongewenst gedrag van verdere deelname uitsluiten.<\/p>\n<p><strong>Meldingsprocedure (kort)<\/strong><br \/>\nIn geval van ongewenst gedrag wordt daarvan melding gemaakt bij de voorzitter van het bestuur of bij de vertrouwenspersoon van Fietsmaatjes Oegstgeest. Met deze melding start een procedure.<br \/>\nIn overleg met het slachtoffer en de vermeende schuldige van ongewenst gedrag neemt het bestuur maatregelen. Dit kan in de vorm van een gesprek, waarschuwing, berisping of royement.<br \/>\nIn ernstige gevallen wordt in overleg met het slachtoffer melding\/aangifte gedaan bij de politie. Een vertrouwenspersoon is hierbij beschikbaar.<br \/>\nHet slachtoffer en de \u201cschuldige\u201d worden ge\u00efnformeerd over de wijze waarop de melding of klacht is afgehandeld door het bestuur.<\/p>\n<p><strong>Kwaliteit<\/strong><br \/>\nHet bestuur draagt er zorg voor dat vrijwilligers de inhoud van bovenstaande omgangsregels en de procedure kennen. Ook zorgt het bestuur ervoor dat deelnemers aan de activiteiten van Fietsmaatjes Oegstgeest van deze regels en procedure kennis kunnen nemen.<br \/>\nZo vaak als nodig, maar ten minste \u00e9\u00e9n keer in de drie jaar worden deze regels ge\u00ebvalueerd door het bestuur en zo nodig bijgesteld.<\/p>\n<p>Bovenstaande tekst kan ook als PDF gedownload worden. <a class=\"rbe-button\" href=\"https:\/\/www.fietsmaatjesoegstgeest.nl\/wp2\/wp-content\/uploads\/2024\/06\/2024-05-Gedragscode.pdf\" target=\"_blank\" rel=\"noopener\">Download<\/a><br \/>\n&nbsp;<\/p>\n<hr>\n<div style=\"font-size:13px;margin-top: -30px;\" ><i>Deze pagina werd voor het laatst geactualiseerd op 10 juni 2024.<\/i><\/div>\n<hr>\n","protected":false},"excerpt":{"rendered":"<p>Goed gedrag Fietsmaatjes Oegstgeest staat voor goede omgangsvormen zoals respect hebben voor elkaar, een gelijkwaardige benadering, het garanderen van integriteit, eerlijkheid en veiligheid. We benaderen onze gasten zoals wij zelf ook benaderd zouden willen worden. Dat betekent voor onze gasten dat we ze altijd voorafgaand aan onze acties op de hoogte brengen wat er staat &#8230; <a title=\"Gedragscode Fietsmaatjes Oegstgeest\" class=\"read-more\" href=\"https:\/\/www.fietsmaatjesoegstgeest.nl\/wp2\/vrijwilligers\/gedragscode\/\" aria-label=\"Lees meer over Gedragscode Fietsmaatjes Oegstgeest\">Lees verder<\/a><\/p>\n","protected":false},"author":1,"featured_media":0,"parent":37,"menu_order":0,"comment_status":"closed","ping_status":"closed","template":"","meta":{"footnotes":""},"class_list":["post-2082","page","type-page","status-publish"],"_links":{"self":[{"href":"https:\/\/www.fietsmaatjesoegstgeest.nl\/wp2\/wp-json\/wp\/v2\/pages\/2082","targetHints":{"allow":["GET"]}}],"collection":[{"href":"https:\/\/www.fietsmaatjesoegstgeest.nl\/wp2\/wp-json\/wp\/v2\/pages"}],"about":[{"href":"https:\/\/www.fietsmaatjesoegstgeest.nl\/wp2\/wp-json\/wp\/v2\/types\/page"}],"author":[{"embeddable":true,"href":"https:\/\/www.fietsmaatjesoegstgeest.nl\/wp2\/wp-json\/wp\/v2\/users\/1"}],"replies":[{"embeddable":true,"href":"https:\/\/www.fietsmaatjesoegstgeest.nl\/wp2\/wp-json\/wp\/v2\/comments?post=2082"}],"version-history":[{"count":10,"href":"https:\/\/www.fietsmaatjesoegstgeest.nl\/wp2\/wp-json\/wp\/v2\/pages\/2082\/revisions"}],"predecessor-version":[{"id":2215,"href":"https:\/\/www.fietsmaatjesoegstgeest.nl\/wp2\/wp-json\/wp\/v2\/pages\/2082\/revisions\/2215"}],"up":[{"embeddable":true,"href":"https:\/\/www.fietsmaatjesoegstgeest.nl\/wp2\/wp-json\/wp\/v2\/pages\/37"}],"wp:attachment":[{"href":"https:\/\/www.fietsmaatjesoegstgeest.nl\/wp2\/wp-json\/wp\/v2\/media?parent=2082"}],"curies":[{"name":"wp","href":"https:\/\/api.w.org\/{rel}","templated":true}]}}